{"id":19,"date":"2014-10-03T17:09:05","date_gmt":"2014-10-03T15:09:05","guid":{"rendered":"http:\/\/wp.dina-nur.de\/?page_id=19"},"modified":"2021-08-17T00:03:22","modified_gmt":"2021-08-16T22:03:22","slug":"vita","status":"publish","type":"page","link":"https:\/\/www.dina-nur.de\/?page_id=19","title":{"rendered":"Vita"},"content":{"rendered":"<p style=\"text-align: justify;\"><a href=\"http:\/\/www.dina-nur.de\/wp-content\/uploads\/dina-nur_0215-Bearbeitet-2.jpg\"><img loading=\"lazy\" class=\"alignnone size-medium wp-image-519\" src=\"http:\/\/www.dina-nur.de\/wp-content\/uploads\/dina-nur_0215-Bearbeitet-2-300x300.jpg\" alt=\"dina-nur_0215-Bearbeitet-2\" width=\"300\" height=\"300\" srcset=\"https:\/\/www.dina-nur.de\/wp-content\/uploads\/dina-nur_0215-Bearbeitet-2-300x300.jpg 300w, https:\/\/www.dina-nur.de\/wp-content\/uploads\/dina-nur_0215-Bearbeitet-2-150x150.jpg 150w, https:\/\/www.dina-nur.de\/wp-content\/uploads\/dina-nur_0215-Bearbeitet-2.jpg 1024w\" sizes=\"(max-width: 300px) 100vw, 300px\" \/><\/a><\/p>\n<p style=\"text-align: justify;\"><!--more--><\/p>\n<p style=\"text-align: justify;\">geboren in Khartoum\/Sudan<\/p>\n<p style=\"text-align: justify;\"><strong>1992\u00a0 <\/strong>Diplom: Objekt-Design \/ FH-Design, Dortmund<\/p>\n<p style=\"text-align: justify;\">Schwerpunkt Bildhauerei bei Prof. Theo Uhlmann<\/p>\n<p>seit\u00a0<strong>1990\u00a0 <\/strong>freischaffende K\u00fcnstlerin mit Atelier in der alten Zeche Dorstfeld<\/p>\n<p>Ausstellungen im In-und Ausland<\/p>\n<p>&nbsp;<\/p>\n<h1 style=\"text-align: left;\">PORTR\u00c4TFILM<\/h1>\n<p><iframe loading=\"lazy\" src=\"https:\/\/player.vimeo.com\/video\/116363023\" width=\"640\" height=\"360\" frameborder=\"0\" allowfullscreen=\"allowfullscreen\"><\/iframe><\/p>\n<p><strong>2021\/2020\/2019\/2018<\/strong><\/p>\n<p>Ausstattungsassistenz\/Ausstattung\/Kost\u00fcm an der Oper Dortmund<\/p>\n<p><strong>2017\/2008\/2006\/1994<\/strong><\/p>\n<p>Beteiligung am Kunstkalender &#8222;Grafik aus Dortmund&#8220;<\/p>\n<p><strong>2016-2006<\/strong><\/p>\n<p>Kost\u00fcmgestaltung f\u00fcr Tanzprojekte von Mohan Thomas (Tanzmoto) \/ Royston Maldoom (2016)<\/p>\n<p><strong>2007\/2005\/2003\/2001\/1999\/1997<\/strong><\/p>\n<p>Ausstattung des Internationalen Frauenfilmfestivals &#8222;Femme Totale&#8220;<\/p>\n<p><strong>2007<\/strong><\/p>\n<p>Entwurf und Realisierung des Regiepreises f\u00fcr &#8222;Femme Totale&#8220;<\/p>\n<p><strong>2003\/2002<\/strong><\/p>\n<p>Improvisierte B\u00fchnenbilder mit dem Impro-Theater &#8222;Emscherblut&#8220;,FHH-Dortmund, Theater Fletch Bizzel, Dortmund<\/p>\n<p><strong>2001<\/strong><\/p>\n<p>Kulturf\u00f6rderpreis &#8222;Der Bogen&#8220;, Kulturb\u00fchne Dortmund<\/p>\n<p><strong>1998-1997<\/strong><\/p>\n<p>Mitarbeit an den Objekten von Falk Nordmann f\u00fcr die Gro\u00dfraumdiscothek &#8222;Die Kaiserin&#8220;, Bochum<\/p>\n<p><strong>1997<\/strong><\/p>\n<p>Herstellung diverser B\u00fchnenbilder und Kost\u00fcme f\u00fcr freie Theaterproduktionen, Tanztheater &#8222;Zwiefach&#8220;, K\u00f6ln<\/p>\n<p><strong>1992<\/strong><\/p>\n<p>1. Preis Brunnengestaltung, Burgwall Dortmund<\/p>\n","protected":false},"excerpt":{"rendered":"","protected":false},"author":1,"featured_media":0,"parent":0,"menu_order":0,"comment_status":"closed","ping_status":"closed","template":"","meta":[],"_links":{"self":[{"href":"https:\/\/www.dina-nur.de\/index.php?rest_route=\/wp\/v2\/pages\/19"}],"collection":[{"href":"https:\/\/www.dina-nur.de\/index.php?rest_route=\/wp\/v2\/pages"}],"about":[{"href":"https:\/\/www.dina-nur.de\/index.php?rest_route=\/wp\/v2\/types\/page"}],"author":[{"embeddable":true,"href":"https:\/\/www.dina-nur.de\/index.php?rest_route=\/wp\/v2\/users\/1"}],"replies":[{"embeddable":true,"href":"https:\/\/www.dina-nur.de\/index.php?rest_route=%2Fwp%2Fv2%2Fcomments&post=19"}],"version-history":[{"count":21,"href":"https:\/\/www.dina-nur.de\/index.php?rest_route=\/wp\/v2\/pages\/19\/revisions"}],"predecessor-version":[{"id":842,"href":"https:\/\/www.dina-nur.de\/index.php?rest_route=\/wp\/v2\/pages\/19\/revisions\/842"}],"wp:attachment":[{"href":"https:\/\/www.dina-nur.de\/index.php?rest_route=%2Fwp%2Fv2%2Fmedia&parent=19"}],"curies":[{"name":"wp","href":"https:\/\/api.w.org\/{rel}","templated":true}]}}