{"id":21,"date":"2014-10-03T17:09:45","date_gmt":"2014-10-03T15:09:45","guid":{"rendered":"http:\/\/wp.dina-nur.de\/?page_id=21"},"modified":"2024-10-30T00:27:37","modified_gmt":"2024-10-29T22:27:37","slug":"ausstellungen","status":"publish","type":"page","link":"https:\/\/www.dina-nur.de\/?page_id=21","title":{"rendered":"Ausstellungen"},"content":{"rendered":"<h4 style=\"text-align: left;\"><a href=\"http:\/\/www.dina-nur.de\/wp-content\/uploads\/DSCF5035-e1587226761891.jpg\"><img loading=\"lazy\" class=\"alignnone  wp-image-775\" src=\"http:\/\/www.dina-nur.de\/wp-content\/uploads\/DSCF5035-e1587226761891-683x1024.jpg\" alt=\"DSCF5035\" width=\"314\" height=\"471\" \/><\/a><\/h4>\n<p><!--more--><\/p>\n<p><strong>2024<\/strong><\/p>\n<div class=\"page\" title=\"Page 1\">\n<div class=\"section\">\n<div class=\"layoutArea\">\n<div class=\"column\">\n<p>&#8222;Oh ja, wie ist das scho\u0308n&#8220;, Hans C, Dortmund<\/p>\n<p>&#8222;&#8230;Wa\u0308rst Am Ende der Anfang&#8220;, Sta\u0308dtische Galerie Torhaus Rombergpark Dortmund<\/p>\n<p>&#8222;Das Ende am Anfang Ru\u0308ck&#8230;&#8220;, Sta\u0308dtische Galerie Torhaus Rombergpark Dortmund \u00a0\u00a0\u00a0\u00a0\u00a0\u00a0\u00a0\u00a0\u00a0\u00a0\u00a0\u00a0\u00a0\u00a0\u00a0\u00a0\u00a0\u00a0\u00a0\u00a0\u00a0\u00a0\u00a0\u00a0\u00a0\u00a0\u00a0\u00a0\u00a0\u00a0\u00a0<\/p>\n<p>&#8222;Mother Animal&#8220;, Different eV \/ Dortmunder Museumsnacht<\/p>\n<p>\u201eLibre?\u201c, Carmel d\u2019Abbeville \u201aGegenbesuch\u2018, Kunstbunker Bochum<\/p>\n<\/div>\n<\/div>\n<\/div>\n<\/div>\n<p><strong>2023<\/strong> <span class=\"Apple-converted-space\">\u00a0 \u00a0 <\/span><\/p>\n<p>\u201eFormArt\u201c, Burg L\u00fcdinghausen<\/p>\n<p><strong>2022 <\/strong><span class=\"Apple-converted-space\"><strong>\u00a0<\/strong> \u00a0<\/span><\/p>\n<p>\u201eChiffre 23\u201c, St\u00e4dtische Galerie Torhaus Rombergpark, Dortmund<\/p>\n<p><strong>2021<\/strong><\/p>\n<p>\u201eAlles muss raus!\u201c &#8211; 21.Dortmunder Museumsnacht, Kunstort Ruhr, Dortmund<\/p>\n<p>&#8222;Format Quadrat&#8220;, St\u00e4dtische Galerie Torhaus Rombergpark, Dortmund<\/p>\n<p>&#8222;Big Banner Festival \u2022 Dortmunder Gruppe&#8220;, Ph\u00f6nix West, Dortmund<\/p>\n<p>&#8222;Artgenossen&#8220;, Atelier Sebastian Wien, Dortmund<\/p>\n<p><strong>2020<\/strong><\/p>\n<p>&#8222;Einblicke&#8220;, St\u00e4dtische Galerie Torhaus Rombergpark, Dortmund<\/p>\n<p>&#8222;DADA!&#8220;, K\u00fcnstlerhaus, Dortmund<\/p>\n<p><strong>2019<\/strong><\/p>\n<p>&#8222;Muster&#8220;, St\u00e4dtische Galerie Torhaus Rombergpark, Dortmund<\/p>\n<p>&#8222;Artgenossen&#8220;, Atelier Roul Schneider, Dortmund<\/p>\n<p><strong>2018<\/strong><\/p>\n<p>&#8222;Ambivalenz&#8220;, Kunstraum-Notkirche, Essen<\/p>\n<p>&#8222;Werkschau 2018 \u2022 Dortmunder Gruppe&#8220;, BIG Gallery, Dortmund<\/p>\n<p>&#8222;Die Dortmunder Gruppe in Novi Sad&#8220;, Cultural Center of Novi Sad, Serbia<\/p>\n<p>&#8222;Kunstroute&#8220;, Atelier Ingeborg Stelzer, Essen<\/p>\n<p>&#8222;Kunstrasen&#8220;, Gartenanlage, Dortmund<\/p>\n<p>&#8222;Kunst Lichter&#8220;, Kunstquartier, Witten-Annen<\/p>\n<p><strong>2017<\/strong><\/p>\n<p>&#8222;Zwei bildhauerische Positionen&#8220;, Atelier Sebastian Wien, Dortmund<\/p>\n<p>&#8222;Werkschau 2017 \u2022 Dortmunder Gruppe&#8220;, BIG Gallery, Dortmund<\/p>\n<p>&#8222;Artgenossen&#8220;, Atelier Roul Schneider, Dortmund<\/p>\n<p>&#8222;Anziehung&#8220;, St\u00e4dtische Galerie Torhaus Rombergpark, Dortmund<\/p>\n<p style=\"text-align: left;\"><strong>2016<\/strong><\/p>\n<p>&#8222;EinBlick&#8220;, art.event.team, Dortmund<\/p>\n<p>&#8222;Sommergalerie Westerkappeln&#8220;, Kulturhof Westerbeck<\/p>\n<p>&#8222;Die Farbe Grau &#8211; Werkschau 2016&#8220;, Galerie am Domhof, Zwickau<\/p>\n<p style=\"text-align: justify;\"><strong>2015<\/strong><\/p>\n<p>&#8222;210 x 30&#8220;, BIG Gallery, Dortmund<\/p>\n<p>&#8222;25 Jahre&#8220;, Gut Schede, Herdecke<\/p>\n<p>&#8222;Artgenossen&#8220;, Atelier Roul Schneider, Dortmund<\/p>\n<p>&#8222;Existenz\u2022Bilder von Menschen&#8220;, Artletstudio, M\u00fcnster<\/p>\n<p>&#8222;Werkschau 2015 \u2022 Dortmunder Gruppe&#8220;, BIG Gallery, Dortmund<\/p>\n<p><strong>2014<\/strong><\/p>\n<p>&#8222;1.8 Kubik&#8220;, St\u00e4dtische Galerie Torhaus Rombergpark, Dortmund<\/p>\n<p>&#8222;Erstkontakt&#8220;, Artlet Studio, M\u00fcnster<\/p>\n<p>&#8222;Vestw\u00e4rts&#8220;, Kutscherhaus, Recklinghausen<\/p>\n<p>&#8222;Skulpturen&#8220;, Evangelische Kirche Osterath, Meerbusch<\/p>\n<p><strong>2013<\/strong><\/p>\n<p>&#8222;Art Promocija Promozion&#8220;, Arsenal, Zadar<\/p>\n<p>&#8222;Views&#8220;, Galerie Plan D., D\u00fcsseldorf<\/p>\n<p>&#8222;Skulpturen&#8220;, St\u00e4dtische Galerie Torhaus Rombergpark, Dortmund<\/p>\n<p><strong>\u00a02012<\/strong><\/p>\n<p>&#8222;Kunstrasen&#8220;, Gartenanlage, Dortmund<\/p>\n<p>&#8222;Art Total International&#8220;, Zavicajni muzej, Biograd<\/p>\n<p><strong>2011<\/strong><\/p>\n<p>&#8222;Mischa Kloss \u2022 Dina Nur&#8220;, Haus Herbede, Witten<\/p>\n<p>&#8222;Marathon&#8220;, St\u00e4dtische Galerie Torhaus Rombergpark, Dortmund<\/p>\n<p><strong>2009<\/strong><\/p>\n<p>&#8222;Begegnung&#8220;, Kunstraum Bassir, Berlin<\/p>\n<p>&#8222;Light Night&#8220;, St.Johns-Church, Leeds<\/p>\n<p><strong>2008<\/strong><\/p>\n<p>&#8222;Ljepota Promozion III&#8220;, Benkovac<\/p>\n<p><strong>2007<\/strong><\/p>\n<p>&#8222;DEW 21&#8220;, Kunstpreis, Dortmund<\/p>\n<p><strong>2006<br \/><\/strong><\/p>\n<p>&#8222;50Jahre Westf\u00e4lischer K\u00fcnstlerbund und K\u00fcnstlervereinigung Dortmunder Gruppe&#8220;, Museum am Ostwall, Dortmund<\/p>\n<p><strong>2004<\/strong><\/p>\n<p>&#8222;Schubert-Nur\/Vers.I&#8220;, Galerie Balou, Dortmund<strong><br \/><\/strong><\/p>\n<p><strong>2003<\/strong><\/p>\n<p>&#8222;50 Jahre Reaktionen-Reflexionen&#8220;, Museum f\u00fcr Kunst und Kulturgeschichte, Dortmund<\/p>\n<p>&#8222;Recontre&#8220;, Le Havre<\/p>\n<p><strong>2001<\/strong><\/p>\n<p>&#8222;Malerei&#8220;, Leeds<\/p>\n<p><strong>1997<\/strong><\/p>\n<p>&#8222;Exchange&#8220;, Hallwalls Contemporary Arts Studio &amp; Buffalo Arts Studio, Buffalo<\/p>\n<p><strong>1995<\/strong><\/p>\n<p>&#8222;Armutszeugnisse&#8220;, Museum am Ostwall, Dortmund<\/p>\n<p><strong>1994<\/strong><\/p>\n<p>&#8222;Interferenzen&#8220;, K\u00fcnstlerhaus, Dortmund<\/p>\n<p>&#8222;Kreuz \u2022 Kunst \u2022 Kirche&#8220;, Heilig-Kreuz-Kirche, Dortmund<\/p>\n<p><strong>1991<\/strong><\/p>\n<p>&#8222;Dialoge&#8220;, Jena<\/p>\n<p style=\"text-align: right;\">\u00a0<\/p>\n\n\n<div class=\"wp-block-columns\">\n<div class=\"wp-block-column\"><\/div>\n\n\n\n<div class=\"wp-block-column\"><\/div>\n<\/div>\n","protected":false},"excerpt":{"rendered":"","protected":false},"author":1,"featured_media":775,"parent":0,"menu_order":0,"comment_status":"closed","ping_status":"closed","template":"","meta":[],"_links":{"self":[{"href":"https:\/\/www.dina-nur.de\/index.php?rest_route=\/wp\/v2\/pages\/21"}],"collection":[{"href":"https:\/\/www.dina-nur.de\/index.php?rest_route=\/wp\/v2\/pages"}],"about":[{"href":"https:\/\/www.dina-nur.de\/index.php?rest_route=\/wp\/v2\/types\/page"}],"author":[{"embeddable":true,"href":"https:\/\/www.dina-nur.de\/index.php?rest_route=\/wp\/v2\/users\/1"}],"replies":[{"embeddable":true,"href":"https:\/\/www.dina-nur.de\/index.php?rest_route=%2Fwp%2Fv2%2Fcomments&post=21"}],"version-history":[{"count":24,"href":"https:\/\/www.dina-nur.de\/index.php?rest_route=\/wp\/v2\/pages\/21\/revisions"}],"predecessor-version":[{"id":912,"href":"https:\/\/www.dina-nur.de\/index.php?rest_route=\/wp\/v2\/pages\/21\/revisions\/912"}],"wp:featuredmedia":[{"embeddable":true,"href":"https:\/\/www.dina-nur.de\/index.php?rest_route=\/wp\/v2\/media\/775"}],"wp:attachment":[{"href":"https:\/\/www.dina-nur.de\/index.php?rest_route=%2Fwp%2Fv2%2Fmedia&parent=21"}],"curies":[{"name":"wp","href":"https:\/\/api.w.org\/{rel}","templated":true}]}}